{"id":899,"date":"2023-05-12T08:25:52","date_gmt":"2023-05-12T06:25:52","guid":{"rendered":"https:\/\/froeschlracing.com\/?page_id=899"},"modified":"2025-11-02T21:10:10","modified_gmt":"2025-11-02T19:10:10","slug":"impressum","status":"publish","type":"page","link":"https:\/\/froeschlracing.com\/en\/impressum","title":{"rendered":"Imprint"},"content":{"rendered":"<div data-elementor-type=\"wp-page\" data-elementor-id=\"899\" class=\"elementor elementor-899\" data-elementor-post-type=\"page\">\n\t\t\t\t\t\t<section class=\"elementor-section elementor-top-section elementor-element elementor-element-40c9d10 elementor-section-boxed elementor-section-height-default elementor-section-height-default\" data-id=\"40c9d10\" data-element_type=\"section\" data-e-type=\"section\" data-settings=\"{&quot;background_background&quot;:&quot;classic&quot;}\">\n\t\t\t\t\t\t<div class=\"elementor-container elementor-column-gap-default\">\n\t\t\t\t\t<div class=\"elementor-column elementor-col-100 elementor-top-column elementor-element elementor-element-983d79b\" data-id=\"983d79b\" data-element_type=\"column\" data-e-type=\"column\" data-settings=\"{&quot;background_background&quot;:&quot;classic&quot;}\">\n\t\t\t<div class=\"elementor-widget-wrap elementor-element-populated\">\n\t\t\t\t\t\t<div class=\"elementor-element elementor-element-18910e2 elementor-widget elementor-widget-heading\" data-id=\"18910e2\" data-element_type=\"widget\" data-e-type=\"widget\" data-widget_type=\"heading.default\">\n\t\t\t\t\t<h2 class=\"elementor-heading-title elementor-size-default\">Imprint<\/h2>\t\t\t\t<\/div>\n\t\t\t\t<div class=\"elementor-element elementor-element-844006f elementor-widget elementor-widget-text-editor\" data-id=\"844006f\" data-element_type=\"widget\" data-e-type=\"widget\" data-widget_type=\"text-editor.default\">\n\t\t\t\t\t\t\t\t\t<p data-start=\"1744\" data-end=\"1874\">Responsible for the content of this website:<br \/><br data-start=\"1789\" data-end=\"1792\" \/>Karl Fr\u00f6schl Event GmbH<br data-start=\"1815\" data-end=\"1818\" \/>Maria-Pachleitner-Stra\u00dfe 18\/15<br data-start=\"1848\" data-end=\"1851\" \/>8053 Graz, \u00d6sterreich<\/p><p data-start=\"1876\" data-end=\"1940\">Telefon: +43 676 95 80 413<br data-start=\"1902\" data-end=\"1905\" \/>E-Mail: <a class=\"decorated-link cursor-pointer\" rel=\"noopener\" data-start=\"1913\" data-end=\"1938\">office@froeschlracing.com<\/a><\/p><p data-start=\"1876\" data-end=\"1940\"><strong>Account details:<\/strong><br \/>Account holder: Karl Fr\u00f6schl Event<br \/>IBAN: AT77 1500 0009 0114 2596<br \/>BIC: OBKLAT2L<br \/>Oberbank<\/p><p data-start=\"1876\" data-end=\"1940\">Austrian Companies Register number: FN 604212 y<br data-start=\"1971\" data-end=\"1974\" \/>Company registry court: Landesgericht f\u00fcr ZRS Graz<br data-start=\"2019\" data-end=\"2022\" \/>VAT ID: ATU79394424<br data-start=\"2045\" data-end=\"2048\" \/>Managing Director: Karl Fr\u00f6schl<\/p><p data-start=\"2081\" data-end=\"2289\"><strong>Copyright:<\/strong><br data-start=\"2094\" data-end=\"2097\" \/>All content (text, images, data) on this website is the property of Karl Fr\u00f6schl Event GmbH and is protected by copyright. Any use not expressly authorised is prohibited.<\/p><p data-start=\"2291\" data-end=\"2690\"><b>Disclaimer:<\/b><br data-start=\"2310\" data-end=\"2313\" \/>This website contains links to external third-party websites over whose content we have no influence. The respective provider or operator is always responsible for the content of the linked pages. No illegal content was apparent at the time the links were created. We will remove such links immediately upon becoming aware of any legal violations.<\/p><p data-start=\"2692\" data-end=\"2737\"><strong>Programming &amp; implementation:<\/strong><br data-start=\"2719\" data-end=\"2722\" \/>Stefan Pierer<\/p>\t\t\t\t\t\t\t\t<\/div>\n\t\t\t\t\t<\/div>\n\t\t<\/div>\n\t\t\t\t\t<\/div>\n\t\t<\/section>\n\t\t\t\t<\/div>","protected":false},"excerpt":{"rendered":"<p>Impressum Verantwortlich f\u00fcr den Inhalt dieser Website:Karl Fr\u00f6schl Event GmbHMaria-Pachleitner-Stra\u00dfe 18\/158053 Graz, \u00d6sterreich Telefon: +43 676 95 80 413E-Mail: office@froeschlracing.com Kontodaten:Kontoinhaber: Karl Fr\u00f6schl EventIBAN: AT77 1500 0009 0114 2596BIC: OBKLAT2LOberbank Firmenbuchnummer: FN 604212 yFirmenbuchgericht: Landesgericht f\u00fcr ZRS GrazUID-Nummer: ATU79394424Gesch\u00e4ftsf\u00fchrer: Karl Fr\u00f6schl Urheberrecht:Alle Inhalte (Texte, Bilder, Datenmaterial) dieser Website sind Eigentum der Karl Fr\u00f6schl Event GmbH [&hellip;]<\/p>\n","protected":false},"author":1,"featured_media":0,"parent":0,"menu_order":0,"comment_status":"closed","ping_status":"closed","template":"","meta":{"site-sidebar-layout":"no-sidebar","site-content-layout":"page-builder","ast-site-content-layout":"default","site-content-style":"default","site-sidebar-style":"default","ast-global-header-display":"","ast-banner-title-visibility":"","ast-main-header-display":"","ast-hfb-above-header-display":"","ast-hfb-below-header-display":"","ast-hfb-mobile-header-display":"","site-post-title":"disabled","ast-breadcrumbs-content":"","ast-featured-img":"disabled","footer-sml-layout":"","ast-disable-related-posts":"","theme-transparent-header-meta":"","adv-header-id-meta":"","stick-header-meta":"","header-above-stick-meta":"","header-main-stick-meta":"","header-below-stick-meta":"","astra-migrate-meta-layouts":"default","ast-page-background-enabled":"default","ast-page-background-meta":{"desktop":{"background-color":"","background-image":"","background-repeat":"repeat","background-position":"center center","background-size":"auto","background-attachment":"scroll","background-type":"","background-media":"","overlay-type":"","overlay-color":"","overlay-opacity":"","overlay-gradient":""},"tablet":{"background-color":"","background-image":"","background-repeat":"repeat","background-position":"center center","background-size":"auto","background-attachment":"scroll","background-type":"","background-media":"","overlay-type":"","overlay-color":"","overlay-opacity":"","overlay-gradient":""},"mobile":{"background-color":"","background-image":"","background-repeat":"repeat","background-position":"center center","background-size":"auto","background-attachment":"scroll","background-type":"","background-media":"","overlay-type":"","overlay-color":"","overlay-opacity":"","overlay-gradient":""}},"ast-content-background-meta":{"desktop":{"background-color":"var(--ast-global-color-5)","background-image":"","background-repeat":"repeat","background-position":"center center","background-size":"auto","background-attachment":"scroll","background-type":"","background-media":"","overlay-type":"","overlay-color":"","overlay-opacity":"","overlay-gradient":""},"tablet":{"background-color":"var(--ast-global-color-5)","background-image":"","background-repeat":"repeat","background-position":"center center","background-size":"auto","background-attachment":"scroll","background-type":"","background-media":"","overlay-type":"","overlay-color":"","overlay-opacity":"","overlay-gradient":""},"mobile":{"background-color":"var(--ast-global-color-5)","background-image":"","background-repeat":"repeat","background-position":"center center","background-size":"auto","background-attachment":"scroll","background-type":"","background-media":"","overlay-type":"","overlay-color":"","overlay-opacity":"","overlay-gradient":""}},"footnotes":""},"class_list":["post-899","page","type-page","status-publish","hentry"],"_links":{"self":[{"href":"https:\/\/froeschlracing.com\/en\/wp-json\/wp\/v2\/pages\/899","targetHints":{"allow":["GET"]}}],"collection":[{"href":"https:\/\/froeschlracing.com\/en\/wp-json\/wp\/v2\/pages"}],"about":[{"href":"https:\/\/froeschlracing.com\/en\/wp-json\/wp\/v2\/types\/page"}],"author":[{"embeddable":true,"href":"https:\/\/froeschlracing.com\/en\/wp-json\/wp\/v2\/users\/1"}],"replies":[{"embeddable":true,"href":"https:\/\/froeschlracing.com\/en\/wp-json\/wp\/v2\/comments?post=899"}],"version-history":[{"count":0,"href":"https:\/\/froeschlracing.com\/en\/wp-json\/wp\/v2\/pages\/899\/revisions"}],"wp:attachment":[{"href":"https:\/\/froeschlracing.com\/en\/wp-json\/wp\/v2\/media?parent=899"}],"curies":[{"name":"wp","href":"https:\/\/api.w.org\/{rel}","templated":true}]}}