{"id":5718,"date":"2025-09-23T14:20:25","date_gmt":"2025-09-23T12:20:25","guid":{"rendered":"https:\/\/froeschlracing.com\/?page_id=5718"},"modified":"2025-11-05T19:17:31","modified_gmt":"2025-11-05T18:17:31","slug":"partner","status":"publish","type":"page","link":"https:\/\/froeschlracing.com\/en\/partner","title":{"rendered":"Official Partners"},"content":{"rendered":"<div data-elementor-type=\"wp-page\" data-elementor-id=\"5718\" class=\"elementor elementor-5718\" data-elementor-post-type=\"page\">\n\t\t\t\t\t\t<section class=\"elementor-section elementor-top-section elementor-element elementor-element-876d8db elementor-section-full_width elementor-section-height-min-height elementor-reverse-mobile elementor-section-height-default elementor-section-items-middle\" data-id=\"876d8db\" data-element_type=\"section\" data-e-type=\"section\" data-settings=\"{&quot;background_background&quot;:&quot;classic&quot;}\">\n\t\t\t\t\t\t\t<div class=\"elementor-background-overlay\"><\/div>\n\t\t\t\t\t\t\t<div class=\"elementor-container elementor-column-gap-no\">\n\t\t\t\t\t<div class=\"elementor-column elementor-col-100 elementor-top-column elementor-element elementor-element-e54574e\" data-id=\"e54574e\" data-element_type=\"column\" data-e-type=\"column\">\n\t\t\t<div class=\"elementor-widget-wrap elementor-element-populated\">\n\t\t\t\t\t\t<section class=\"elementor-section elementor-inner-section elementor-element elementor-element-bf08031 elementor-section-full_width elementor-section-content-top elementor-section-height-default elementor-section-height-default\" data-id=\"bf08031\" data-element_type=\"section\" data-e-type=\"section\">\n\t\t\t\t\t\t<div class=\"elementor-container elementor-column-gap-no\">\n\t\t\t\t\t<div class=\"elementor-column elementor-col-100 elementor-inner-column elementor-element elementor-element-678d16f\" data-id=\"678d16f\" data-element_type=\"column\" data-e-type=\"column\">\n\t\t\t<div class=\"elementor-widget-wrap elementor-element-populated\">\n\t\t\t\t\t\t<div class=\"elementor-element elementor-element-36e2ff7 elementor-widget__width-inherit elementor-widget-tablet__width-auto elementor-widget-mobile__width-auto elementor-widget elementor-widget-heading\" data-id=\"36e2ff7\" data-element_type=\"widget\" data-e-type=\"widget\" data-widget_type=\"heading.default\">\n\t\t\t\t\t<h1 class=\"elementor-heading-title elementor-size-default\">Our strong partners \u2014 <br>faster together<\/h1>\t\t\t\t<\/div>\n\t\t\t\t\t<\/div>\n\t\t<\/div>\n\t\t\t\t\t<\/div>\n\t\t<\/section>\n\t\t\t\t<section class=\"elementor-section elementor-inner-section elementor-element elementor-element-423e131 elementor-section-full_width elementor-section-content-middle elementor-section-height-default elementor-section-height-default\" data-id=\"423e131\" data-element_type=\"section\" data-e-type=\"section\">\n\t\t\t\t\t\t<div class=\"elementor-container elementor-column-gap-no\">\n\t\t\t\t\t<div class=\"elementor-column elementor-col-100 elementor-inner-column elementor-element elementor-element-436a801\" data-id=\"436a801\" data-element_type=\"column\" data-e-type=\"column\">\n\t\t\t<div class=\"elementor-widget-wrap elementor-element-populated\">\n\t\t\t\t\t\t<div class=\"elementor-element elementor-element-0cf5826 elementor-widget__width-auto elementor-widget-tablet__width-auto elementor-widget-mobile__width-auto elementor-widget elementor-widget-heading\" data-id=\"0cf5826\" data-element_type=\"widget\" data-e-type=\"widget\" data-widget_type=\"heading.default\">\n\t\t\t\t\t<h2 class=\"elementor-heading-title elementor-size-default\">Trusted brands that help us push the pace.<\/h2>\t\t\t\t<\/div>\n\t\t\t\t\t<\/div>\n\t\t<\/div>\n\t\t\t\t\t<\/div>\n\t\t<\/section>\n\t\t\t\t\t<\/div>\n\t\t<\/div>\n\t\t\t\t\t<\/div>\n\t\t<\/section>\n\t\t\t\t<section class=\"elementor-section elementor-top-section elementor-element elementor-element-c844714 elementor-section-full_width elementor-section-height-default elementor-section-height-default\" data-id=\"c844714\" data-element_type=\"section\" data-e-type=\"section\" id=\"partner-section-2\" data-settings=\"{&quot;background_background&quot;:&quot;classic&quot;}\">\n\t\t\t\t\t\t\t<div class=\"elementor-background-overlay\"><\/div>\n\t\t\t\t\t\t\t<div class=\"elementor-container elementor-column-gap-default\">\n\t\t\t\t\t<div class=\"elementor-column elementor-col-100 elementor-top-column elementor-element elementor-element-460958b\" data-id=\"460958b\" data-element_type=\"column\" data-e-type=\"column\">\n\t\t\t<div class=\"elementor-widget-wrap elementor-element-populated\">\n\t\t\t\t\t\t<section class=\"elementor-section elementor-inner-section elementor-element elementor-element-df8bff2 elementor-section-full_width elementor-section-height-default elementor-section-height-default\" data-id=\"df8bff2\" data-element_type=\"section\" data-e-type=\"section\" data-settings=\"{&quot;background_background&quot;:&quot;classic&quot;}\">\n\t\t\t\t\t\t<div class=\"elementor-container elementor-column-gap-default\">\n\t\t\t\t\t<div class=\"elementor-column elementor-col-100 elementor-inner-column elementor-element elementor-element-7b30901\" data-id=\"7b30901\" data-element_type=\"column\" data-e-type=\"column\">\n\t\t\t<div class=\"elementor-widget-wrap elementor-element-populated\">\n\t\t\t\t\t\t<div class=\"elementor-element elementor-element-cce70ab elementor-widget elementor-widget-text-editor\" data-id=\"cce70ab\" data-element_type=\"widget\" data-e-type=\"widget\" data-widget_type=\"text-editor.default\">\n\t\t\t\t\t\t\t\t\t<p>Behind every successful event are strong partners who support us both on and off the track. We would like to thank our partners and supporters for their commitment and passion \u2013 together, we bring motorsport to life.<\/p><p>Would you like to become part of our network and join us in going full throttle? Then get in touch \u2013 we are always happy to welcome strong partners who share our passion! <a href=\"https:\/\/froeschlracing.com\/en\/kontakt\/\">Click here to contact us\u00a0<\/a><\/p>\t\t\t\t\t\t\t\t<\/div>\n\t\t\t\t<section class=\"elementor-section elementor-inner-section elementor-element elementor-element-31e080f elementor-section-full_width elementor-section-height-min-height elementor-section-height-default\" data-id=\"31e080f\" data-element_type=\"section\" data-e-type=\"section\" id=\"fotograph\">\n\t\t\t\t\t\t<div class=\"elementor-container elementor-column-gap-narrow\">\n\t\t\t\t\t<div class=\"elementor-column elementor-col-100 elementor-inner-column elementor-element elementor-element-e0d7b60\" data-id=\"e0d7b60\" data-element_type=\"column\" data-e-type=\"column\">\n\t\t\t<div class=\"elementor-widget-wrap elementor-element-populated\">\n\t\t\t\t\t\t<div class=\"elementor-element elementor-element-2f221b1 elementor-widget elementor-widget-heading\" data-id=\"2f221b1\" data-element_type=\"widget\" data-e-type=\"widget\" data-widget_type=\"heading.default\">\n\t\t\t\t\t<h2 class=\"elementor-heading-title elementor-size-default\">Our photography partner<\/h2>\t\t\t\t<\/div>\n\t\t\t\t<section class=\"elementor-section elementor-inner-section elementor-element elementor-element-662351c elementor-section-full_width elementor-section-height-default elementor-section-height-default\" data-id=\"662351c\" data-element_type=\"section\" data-e-type=\"section\">\n\t\t\t\t\t\t<div class=\"elementor-container elementor-column-gap-narrow\">\n\t\t\t\t\t<div class=\"elementor-column elementor-col-50 elementor-inner-column elementor-element elementor-element-593786b\" data-id=\"593786b\" data-element_type=\"column\" data-e-type=\"column\">\n\t\t\t<div class=\"elementor-widget-wrap elementor-element-populated\">\n\t\t\t\t\t\t<div class=\"elementor-element elementor-element-d450778 elementor-widget__width-auto elementor-widget elementor-widget-image\" data-id=\"d450778\" data-element_type=\"widget\" data-e-type=\"widget\" data-widget_type=\"image.default\">\n\t\t\t\t\t\t\t\t\t\t\t\t\t\t\t\t<a href=\"https:\/\/www.2g-studio.it\/?lang=en\" target=\"_blank\">\n\t\t\t\t\t\t\t<img decoding=\"async\" width=\"1600\" height=\"284\" src=\"https:\/\/froeschlracing.com\/wp-content\/uploads\/2025\/09\/JPG_Giallo-Pirelli_Logo_2G_2022.jpg\" class=\"attachment-full size-full wp-image-5751\" alt=\"\" srcset=\"https:\/\/froeschlracing.com\/wp-content\/uploads\/2025\/09\/JPG_Giallo-Pirelli_Logo_2G_2022.jpg 1600w, https:\/\/froeschlracing.com\/wp-content\/uploads\/2025\/09\/JPG_Giallo-Pirelli_Logo_2G_2022-300x53.jpg 300w, https:\/\/froeschlracing.com\/wp-content\/uploads\/2025\/09\/JPG_Giallo-Pirelli_Logo_2G_2022-1024x182.jpg 1024w, https:\/\/froeschlracing.com\/wp-content\/uploads\/2025\/09\/JPG_Giallo-Pirelli_Logo_2G_2022-768x136.jpg 768w, https:\/\/froeschlracing.com\/wp-content\/uploads\/2025\/09\/JPG_Giallo-Pirelli_Logo_2G_2022-1536x273.jpg 1536w, https:\/\/froeschlracing.com\/wp-content\/uploads\/2025\/09\/JPG_Giallo-Pirelli_Logo_2G_2022-600x107.jpg 600w\" sizes=\"(max-width: 1600px) 100vw, 1600px\" \/>\t\t\t\t\t\t\t\t<\/a>\n\t\t\t\t\t\t\t\t\t\t\t\t\t\t\t<\/div>\n\t\t\t\t\t<\/div>\n\t\t<\/div>\n\t\t\t\t<div class=\"elementor-column elementor-col-50 elementor-inner-column elementor-element elementor-element-d4bea97\" data-id=\"d4bea97\" data-element_type=\"column\" data-e-type=\"column\">\n\t\t\t<div class=\"elementor-widget-wrap elementor-element-populated\">\n\t\t\t\t\t\t<div class=\"elementor-element elementor-element-e201b8b elementor-widget__width-auto elementor-widget elementor-widget-text-editor\" data-id=\"e201b8b\" data-element_type=\"widget\" data-e-type=\"widget\" data-widget_type=\"text-editor.default\">\n\t\t\t\t\t\t\t\t\t<p>With Gioele and Stefy, we not only have photographic artists at our side, we also have a real dream team. Whether it's razor-sharp pictures or epic slow-motion videos, the two of them capture every detail and every emotion on and off the track. What they deliver is more than just visual material: it's memories that last. You'll receive your images in the best quality right on the spot \u2013 immediately available and always with that special eye for the essentials. All the images on our site are by Gioele, and we couldn't imagine better partners. Heart, passion and genuine skill \u2013 that's their signature.<br \/><strong><a href=\"https:\/\/www.2g-studio.it\/categoria-prodotto\/29-31-august-2025-froeschl-racing-pannonia-ring\/?lang=en\" target=\"_blank\" rel=\"noopener\">Click here to see your photos!<\/a><\/strong><\/p>\t\t\t\t\t\t\t\t<\/div>\n\t\t\t\t\t<\/div>\n\t\t<\/div>\n\t\t\t\t\t<\/div>\n\t\t<\/section>\n\t\t\t\t\t<\/div>\n\t\t<\/div>\n\t\t\t\t\t<\/div>\n\t\t<\/section>\n\t\t\t\t<section class=\"elementor-section elementor-inner-section elementor-element elementor-element-66103e0 elementor-section-full_width elementor-section-height-min-height elementor-section-content-top elementor-section-height-default\" data-id=\"66103e0\" data-element_type=\"section\" data-e-type=\"section\">\n\t\t\t\t\t\t<div class=\"elementor-container elementor-column-gap-narrow\">\n\t\t\t\t\t<div class=\"elementor-column elementor-col-100 elementor-inner-column elementor-element elementor-element-222d278\" data-id=\"222d278\" data-element_type=\"column\" data-e-type=\"column\">\n\t\t\t<div class=\"elementor-widget-wrap elementor-element-populated\">\n\t\t\t\t\t\t<div class=\"elementor-element elementor-element-3815248 elementor-widget elementor-widget-heading\" data-id=\"3815248\" data-element_type=\"widget\" data-e-type=\"widget\" data-widget_type=\"heading.default\">\n\t\t\t\t\t<h2 class=\"elementor-heading-title elementor-size-default\">Our Tyres &amp; Service Partner<\/h2>\t\t\t\t<\/div>\n\t\t\t\t<section class=\"elementor-section elementor-inner-section elementor-element elementor-element-0ef7dff elementor-section-full_width elementor-section-content-middle elementor-section-height-default elementor-section-height-default\" data-id=\"0ef7dff\" data-element_type=\"section\" data-e-type=\"section\">\n\t\t\t\t\t\t<div class=\"elementor-container elementor-column-gap-narrow\">\n\t\t\t\t\t<div class=\"elementor-column elementor-col-50 elementor-inner-column elementor-element elementor-element-7da3bc3\" data-id=\"7da3bc3\" data-element_type=\"column\" data-e-type=\"column\">\n\t\t\t<div class=\"elementor-widget-wrap elementor-element-populated\">\n\t\t\t\t\t\t<div class=\"elementor-element elementor-element-d594df8 elementor-widget__width-auto elementor-widget elementor-widget-image\" data-id=\"d594df8\" data-element_type=\"widget\" data-e-type=\"widget\" data-widget_type=\"image.default\">\n\t\t\t\t\t\t\t\t\t\t\t\t\t\t\t\t<a href=\"https:\/\/www.hsmotoracing.com\/?sl=DE\" target=\"_blank\">\n\t\t\t\t\t\t\t<img decoding=\"async\" width=\"1524\" height=\"329\" src=\"https:\/\/froeschlracing.com\/wp-content\/uploads\/2025\/09\/hs_moto.png\" class=\"attachment-full size-full wp-image-5742\" alt=\"\" srcset=\"https:\/\/froeschlracing.com\/wp-content\/uploads\/2025\/09\/hs_moto.png 1524w, https:\/\/froeschlracing.com\/wp-content\/uploads\/2025\/09\/hs_moto-300x65.png 300w, https:\/\/froeschlracing.com\/wp-content\/uploads\/2025\/09\/hs_moto-1024x221.png 1024w, https:\/\/froeschlracing.com\/wp-content\/uploads\/2025\/09\/hs_moto-768x166.png 768w, https:\/\/froeschlracing.com\/wp-content\/uploads\/2025\/09\/hs_moto-600x130.png 600w\" sizes=\"(max-width: 1524px) 100vw, 1524px\" \/>\t\t\t\t\t\t\t\t<\/a>\n\t\t\t\t\t\t\t\t\t\t\t\t\t\t\t<\/div>\n\t\t\t\t\t<\/div>\n\t\t<\/div>\n\t\t\t\t<div class=\"elementor-column elementor-col-50 elementor-inner-column elementor-element elementor-element-093f4a7\" data-id=\"093f4a7\" data-element_type=\"column\" data-e-type=\"column\">\n\t\t\t<div class=\"elementor-widget-wrap elementor-element-populated\">\n\t\t\t\t\t\t<div class=\"elementor-element elementor-element-711938e elementor-widget__width-auto elementor-widget elementor-widget-text-editor\" data-id=\"711938e\" data-element_type=\"widget\" data-e-type=\"widget\" data-widget_type=\"text-editor.default\">\n\t\t\t\t\t\t\t\t\t<p>HSMoto has been by our side from the very beginning, ensuring that everything runs smoothly on the track. Whether it's tyres of all kinds, lightning-fast tyre changes before the race or lifesaving spare parts when it matters most \u2013 HSMoto is always fully committed. For us, partnership means reliability, passion and speed. Thank you for making every track day possible!<br \/><strong><a href=\"https:\/\/www.hsmotoracing.com\/?sl=DE\" target=\"_blank\" rel=\"noopener\">Click here to visit the website!<\/a><\/strong><\/p>\t\t\t\t\t\t\t\t<\/div>\n\t\t\t\t\t<\/div>\n\t\t<\/div>\n\t\t\t\t\t<\/div>\n\t\t<\/section>\n\t\t\t\t\t<\/div>\n\t\t<\/div>\n\t\t\t\t\t<\/div>\n\t\t<\/section>\n\t\t\t\t<section class=\"elementor-section elementor-inner-section elementor-element elementor-element-75bd6a7 elementor-section-full_width elementor-section-height-min-height elementor-section-height-default\" data-id=\"75bd6a7\" data-element_type=\"section\" data-e-type=\"section\">\n\t\t\t\t\t\t<div class=\"elementor-container elementor-column-gap-narrow\">\n\t\t\t\t\t<div class=\"elementor-column elementor-col-100 elementor-inner-column elementor-element elementor-element-13b2b0f\" data-id=\"13b2b0f\" data-element_type=\"column\" data-e-type=\"column\">\n\t\t\t<div class=\"elementor-widget-wrap elementor-element-populated\">\n\t\t\t\t\t\t<div class=\"elementor-element elementor-element-d9b87cc elementor-widget elementor-widget-heading\" data-id=\"d9b87cc\" data-element_type=\"widget\" data-e-type=\"widget\" data-widget_type=\"heading.default\">\n\t\t\t\t\t<h2 class=\"elementor-heading-title elementor-size-default\">Our partner for track day equipment<\/h2>\t\t\t\t<\/div>\n\t\t\t\t<section class=\"elementor-section elementor-inner-section elementor-element elementor-element-42030ed elementor-section-full_width elementor-section-height-default elementor-section-height-default\" data-id=\"42030ed\" data-element_type=\"section\" data-e-type=\"section\">\n\t\t\t\t\t\t<div class=\"elementor-container elementor-column-gap-narrow\">\n\t\t\t\t\t<div class=\"elementor-column elementor-col-50 elementor-inner-column elementor-element elementor-element-8ecff13\" data-id=\"8ecff13\" data-element_type=\"column\" data-e-type=\"column\">\n\t\t\t<div class=\"elementor-widget-wrap elementor-element-populated\">\n\t\t\t\t\t\t<div class=\"elementor-element elementor-element-dfe272b elementor-widget__width-auto elementor-widget elementor-widget-image\" data-id=\"dfe272b\" data-element_type=\"widget\" data-e-type=\"widget\" data-widget_type=\"image.default\">\n\t\t\t\t\t\t\t\t\t\t\t\t\t\t\t\t<a href=\"https:\/\/ab-moto.com\/\" target=\"_blank\">\n\t\t\t\t\t\t\t<img decoding=\"async\" width=\"297\" height=\"300\" src=\"https:\/\/froeschlracing.com\/wp-content\/uploads\/2025\/09\/Logo_AB-Moto_bl_wh.com_Slogan-297x300.png\" class=\"attachment-medium size-medium wp-image-5744\" alt=\"\" srcset=\"https:\/\/froeschlracing.com\/wp-content\/uploads\/2025\/09\/Logo_AB-Moto_bl_wh.com_Slogan-297x300.png 297w, https:\/\/froeschlracing.com\/wp-content\/uploads\/2025\/09\/Logo_AB-Moto_bl_wh.com_Slogan-1014x1024.png 1014w, https:\/\/froeschlracing.com\/wp-content\/uploads\/2025\/09\/Logo_AB-Moto_bl_wh.com_Slogan-768x776.png 768w, https:\/\/froeschlracing.com\/wp-content\/uploads\/2025\/09\/Logo_AB-Moto_bl_wh.com_Slogan-1520x1536.png 1520w, https:\/\/froeschlracing.com\/wp-content\/uploads\/2025\/09\/Logo_AB-Moto_bl_wh.com_Slogan-2027x2048.png 2027w, https:\/\/froeschlracing.com\/wp-content\/uploads\/2025\/09\/Logo_AB-Moto_bl_wh.com_Slogan-600x606.png 600w, https:\/\/froeschlracing.com\/wp-content\/uploads\/2025\/09\/Logo_AB-Moto_bl_wh.com_Slogan-100x100.png 100w\" sizes=\"(max-width: 297px) 100vw, 297px\" \/>\t\t\t\t\t\t\t\t<\/a>\n\t\t\t\t\t\t\t\t\t\t\t\t\t\t\t<\/div>\n\t\t\t\t\t<\/div>\n\t\t<\/div>\n\t\t\t\t<div class=\"elementor-column elementor-col-50 elementor-inner-column elementor-element elementor-element-f422ed3\" data-id=\"f422ed3\" data-element_type=\"column\" data-e-type=\"column\">\n\t\t\t<div class=\"elementor-widget-wrap elementor-element-populated\">\n\t\t\t\t\t\t<div class=\"elementor-element elementor-element-d17117e elementor-widget__width-auto elementor-widget elementor-widget-text-editor\" data-id=\"d17117e\" data-element_type=\"widget\" data-e-type=\"widget\" data-widget_type=\"text-editor.default\">\n\t\t\t\t\t\t\t\t\t<p>When it comes to top safety on the track and road, there's no way around AB Moto. From perfectly fitting leather suits to complete protective gear \u2013 here you can get everything from head to toe from a fast rider who knows exactly what matters. Passion, experience and quality make AB Moto our strong partner for maximum protection and style.<br \/><strong><a href=\"https:\/\/ab-moto.com\" target=\"_blank\" rel=\"noopener\">Click here to visit the website!<\/a><\/strong><\/p>\t\t\t\t\t\t\t\t<\/div>\n\t\t\t\t\t<\/div>\n\t\t<\/div>\n\t\t\t\t\t<\/div>\n\t\t<\/section>\n\t\t\t\t\t<\/div>\n\t\t<\/div>\n\t\t\t\t\t<\/div>\n\t\t<\/section>\n\t\t\t\t\t<\/div>\n\t\t<\/div>\n\t\t\t\t\t<\/div>\n\t\t<\/section>\n\t\t\t\t\t<\/div>\n\t\t<\/div>\n\t\t\t\t\t<\/div>\n\t\t<\/section>\n\t\t\t\t<\/div>","protected":false},"excerpt":{"rendered":"<p>Unsere starken Partner \u2013 gemeinsam schneller Zusammen auf der \u00dcberholspur Hinter jedem erfolgreichen Event stehen starke Partner, die uns auf und neben der Strecke unterst\u00fctzen. Wir danken unseren Sponsoren und Unterst\u00fctzern f\u00fcr ihr Engagement und ihre Leidenschaft \u2013 gemeinsam machen wir Motorsport erlebbar. Du m\u00f6chtest Teil unseres Netzwerks werden und gemeinsam mit uns Vollgas geben? [&hellip;]<\/p>\n","protected":false},"author":1,"featured_media":0,"parent":0,"menu_order":0,"comment_status":"closed","ping_status":"closed","template":"","meta":{"site-sidebar-layout":"no-sidebar","site-content-layout":"page-builder","ast-site-content-layout":"full-width-container","site-content-style":"default","site-sidebar-style":"default","ast-global-header-display":"","ast-banner-title-visibility":"","ast-main-header-display":"","ast-hfb-above-header-display":"","ast-hfb-below-header-display":"","ast-hfb-mobile-header-display":"","site-post-title":"","ast-breadcrumbs-content":"","ast-featured-img":"disabled","footer-sml-layout":"","ast-disable-related-posts":"","theme-transparent-header-meta":"","adv-header-id-meta":"","stick-header-meta":"","header-above-stick-meta":"","header-main-stick-meta":"","header-below-stick-meta":"","astra-migrate-meta-layouts":"set","ast-page-background-enabled":"default","ast-page-background-meta":{"desktop":{"background-color":"","background-image":"","background-repeat":"repeat","background-position":"center center","background-size":"auto","background-attachment":"scroll","background-type":"","background-media":"","overlay-type":"","overlay-color":"","overlay-opacity":"","overlay-gradient":""},"tablet":{"background-color":"","background-image":"","background-repeat":"repeat","background-position":"center center","background-size":"auto","background-attachment":"scroll","background-type":"","background-media":"","overlay-type":"","overlay-color":"","overlay-opacity":"","overlay-gradient":""},"mobile":{"background-color":"","background-image":"","background-repeat":"repeat","background-position":"center center","background-size":"auto","background-attachment":"scroll","background-type":"","background-media":"","overlay-type":"","overlay-color":"","overlay-opacity":"","overlay-gradient":""}},"ast-content-background-meta":{"desktop":{"background-color":"var(--ast-global-color-5)","background-image":"","background-repeat":"repeat","background-position":"center center","background-size":"auto","background-attachment":"scroll","background-type":"","background-media":"","overlay-type":"","overlay-color":"","overlay-opacity":"","overlay-gradient":""},"tablet":{"background-color":"var(--ast-global-color-5)","background-image":"","background-repeat":"repeat","background-position":"center center","background-size":"auto","background-attachment":"scroll","background-type":"","background-media":"","overlay-type":"","overlay-color":"","overlay-opacity":"","overlay-gradient":""},"mobile":{"background-color":"var(--ast-global-color-5)","background-image":"","background-repeat":"repeat","background-position":"center center","background-size":"auto","background-attachment":"scroll","background-type":"","background-media":"","overlay-type":"","overlay-color":"","overlay-opacity":"","overlay-gradient":""}},"footnotes":""},"class_list":["post-5718","page","type-page","status-publish","hentry"],"_links":{"self":[{"href":"https:\/\/froeschlracing.com\/en\/wp-json\/wp\/v2\/pages\/5718","targetHints":{"allow":["GET"]}}],"collection":[{"href":"https:\/\/froeschlracing.com\/en\/wp-json\/wp\/v2\/pages"}],"about":[{"href":"https:\/\/froeschlracing.com\/en\/wp-json\/wp\/v2\/types\/page"}],"author":[{"embeddable":true,"href":"https:\/\/froeschlracing.com\/en\/wp-json\/wp\/v2\/users\/1"}],"replies":[{"embeddable":true,"href":"https:\/\/froeschlracing.com\/en\/wp-json\/wp\/v2\/comments?post=5718"}],"version-history":[{"count":0,"href":"https:\/\/froeschlracing.com\/en\/wp-json\/wp\/v2\/pages\/5718\/revisions"}],"wp:attachment":[{"href":"https:\/\/froeschlracing.com\/en\/wp-json\/wp\/v2\/media?parent=5718"}],"curies":[{"name":"wp","href":"https:\/\/api.w.org\/{rel}","templated":true}]}}